{"id":153,"date":"2023-06-21T09:21:36","date_gmt":"2023-06-21T09:21:36","guid":{"rendered":"https:\/\/www.silvercare.bz\/?page_id=153"},"modified":"2023-08-08T11:31:29","modified_gmt":"2023-08-08T11:31:29","slug":"operativer-einsatz","status":"publish","type":"page","link":"https:\/\/www.silvercare.bz\/de\/operativer-einsatz","title":{"rendered":"Operativer Einsatz"},"content":{"rendered":"<div class=\"fusion-fullwidth fullwidth-box fusion-builder-row-1 fusion-flex-container has-pattern-background has-mask-background nonhundred-percent-fullwidth non-hundred-percent-height-scrolling\" style=\"--awb-border-radius-top-left:0px;--awb-border-radius-top-right:0px;--awb-border-radius-bottom-right:0px;--awb-border-radius-bottom-left:0px;--awb-flex-wrap:wrap;\" ><div class=\"fusion-builder-row fusion-row fusion-flex-align-items-flex-start fusion-flex-content-wrap\" style=\"max-width:1326px;margin-left: calc(-2% \/ 2 );margin-right: calc(-2% \/ 2 );\"><div class=\"fusion-layout-column fusion_builder_column fusion-builder-column-0 fusion_builder_column_1_1 1_1 fusion-flex-column\" style=\"--awb-bg-size:cover;--awb-width-large:100%;--awb-margin-top-large:10px;--awb-spacing-right-large:0.98%;--awb-margin-bottom-large:10px;--awb-spacing-left-large:0.98%;--awb-width-medium:100%;--awb-order-medium:0;--awb-spacing-right-medium:0.98%;--awb-spacing-left-medium:0.98%;--awb-width-small:100%;--awb-order-small:0;--awb-spacing-right-small:0.98%;--awb-spacing-left-small:0.98%;\"><div class=\"fusion-column-wrapper fusion-column-has-shadow fusion-flex-justify-content-flex-start fusion-content-layout-column\"><div class=\"fusion-text fusion-text-1\"><p>Operativer Einsatz F\u00fcnf Jahre Erfahrung haben es uns erm\u00f6glicht, die Bed\u00fcrfnisse des Gebiets hinsichtlich der Unterst\u00fctzung einer nicht selbstst\u00e4ndigen Person in ihrem eigenen Zuhause zu analysieren.<\/p>\n<p>Die Bed\u00fcrfnisse sind vielf\u00e4ltig, daher kann auch die Art der Unterst\u00fctzung nicht standardisiert werden. Es reicht von einfacher Unterst\u00fctzung f\u00fcr die Person f\u00fcr einige Stunden, auch einfache Gesellschaft, bis hin zur Unterst\u00fctzung einer vollst\u00e4ndig bettl\u00e4gerigen oder palliativen Person. Pathologien, der Charakter des Subjekts, die Unterkunft, der geografische Standort, Familienmitglieder, die sich um die Person drehen, und die wirtschaftliche Situation m\u00fcssen ber\u00fccksichtigt werden. Dies sind alles Faktoren, die dazu f\u00fchren, dass die Unterst\u00fctzung f\u00fcr jede Situation personalisiert werden muss und versucht wird, die von \u00f6ffentlichen und privaten Personen angebotenen Dienste zu kombinieren.<\/p>\n<\/div><div class=\"fusion-image-element \" style=\"text-align:center;--awb-caption-title-font-family:var(--h2_typography-font-family);--awb-caption-title-font-weight:var(--h2_typography-font-weight);--awb-caption-title-font-style:var(--h2_typography-font-style);--awb-caption-title-size:var(--h2_typography-font-size);--awb-caption-title-transform:var(--h2_typography-text-transform);--awb-caption-title-line-height:var(--h2_typography-line-height);--awb-caption-title-letter-spacing:var(--h2_typography-letter-spacing);\"><span class=\" fusion-imageframe imageframe-none imageframe-1 hover-type-none fusion-animated\" data-animationType=\"slideInRight\" data-animationDuration=\"0.6\" data-animationOffset=\"top-into-view\"><img decoding=\"async\" width=\"2203\" height=\"915\" title=\"operativer-einsatz-grafik\" src=\"https:\/\/www.silvercare.bz\/wp-content\/uploads\/operativer-einsatz-grafik.jpg\" alt class=\"img-responsive wp-image-185\" srcset=\"https:\/\/www.silvercare.bz\/wp-content\/uploads\/operativer-einsatz-grafik-200x83.jpg 200w, https:\/\/www.silvercare.bz\/wp-content\/uploads\/operativer-einsatz-grafik-400x166.jpg 400w, https:\/\/www.silvercare.bz\/wp-content\/uploads\/operativer-einsatz-grafik-600x249.jpg 600w, https:\/\/www.silvercare.bz\/wp-content\/uploads\/operativer-einsatz-grafik-800x332.jpg 800w, https:\/\/www.silvercare.bz\/wp-content\/uploads\/operativer-einsatz-grafik-1200x498.jpg 1200w, https:\/\/www.silvercare.bz\/wp-content\/uploads\/operativer-einsatz-grafik.jpg 2203w\" sizes=\"(max-width: 640px) 100vw, 2203px\" \/><\/span><\/div><\/div><\/div><\/div><\/div>\n","protected":false},"excerpt":{"rendered":"","protected":false},"author":1,"featured_media":0,"parent":0,"menu_order":0,"comment_status":"closed","ping_status":"closed","template":"","meta":[],"_links":{"self":[{"href":"https:\/\/www.silvercare.bz\/de\/wp-json\/wp\/v2\/pages\/153"}],"collection":[{"href":"https:\/\/www.silvercare.bz\/de\/wp-json\/wp\/v2\/pages"}],"about":[{"href":"https:\/\/www.silvercare.bz\/de\/wp-json\/wp\/v2\/types\/page"}],"author":[{"embeddable":true,"href":"https:\/\/www.silvercare.bz\/de\/wp-json\/wp\/v2\/users\/1"}],"replies":[{"embeddable":true,"href":"https:\/\/www.silvercare.bz\/de\/wp-json\/wp\/v2\/comments?post=153"}],"version-history":[{"count":3,"href":"https:\/\/www.silvercare.bz\/de\/wp-json\/wp\/v2\/pages\/153\/revisions"}],"predecessor-version":[{"id":187,"href":"https:\/\/www.silvercare.bz\/de\/wp-json\/wp\/v2\/pages\/153\/revisions\/187"}],"wp:attachment":[{"href":"https:\/\/www.silvercare.bz\/de\/wp-json\/wp\/v2\/media?parent=153"}],"curies":[{"name":"wp","href":"https:\/\/api.w.org\/{rel}","templated":true}]}}