{"id":151,"date":"2023-06-20T13:36:06","date_gmt":"2023-06-20T13:36:06","guid":{"rendered":"https:\/\/www.silvercare.bz\/?page_id=151"},"modified":"2023-08-08T11:17:16","modified_gmt":"2023-08-08T11:17:16","slug":"home","status":"publish","type":"page","link":"https:\/\/www.silvercare.bz\/de","title":{"rendered":"Home"},"content":{"rendered":"<div class=\"fusion-fullwidth fullwidth-box fusion-builder-row-1 fusion-flex-container has-pattern-background has-mask-background nonhundred-percent-fullwidth non-hundred-percent-height-scrolling\" style=\"--awb-border-radius-top-left:0px;--awb-border-radius-top-right:0px;--awb-border-radius-bottom-right:0px;--awb-border-radius-bottom-left:0px;--awb-padding-top:30px;--awb-flex-wrap:wrap;\" ><div class=\"fusion-builder-row fusion-row fusion-flex-align-items-center fusion-flex-content-wrap\" style=\"max-width:1326px;margin-left: calc(-2% \/ 2 );margin-right: calc(-2% \/ 2 );\"><div class=\"fusion-layout-column fusion_builder_column fusion-builder-column-0 fusion_builder_column_1_1 1_1 fusion-flex-column\" style=\"--awb-bg-size:cover;--awb-width-large:100%;--awb-margin-top-large:0px;--awb-spacing-right-large:0.98%;--awb-margin-bottom-large:0px;--awb-spacing-left-large:0.98%;--awb-width-medium:100%;--awb-spacing-right-medium:0.98%;--awb-spacing-left-medium:0.98%;--awb-width-small:100%;--awb-spacing-right-small:0.98%;--awb-spacing-left-small:0.98%;\"><div class=\"fusion-column-wrapper fusion-flex-justify-content-flex-start fusion-content-layout-column\"><div class=\"fusion-text fusion-text-1\"><p><strong>Ein bedarfsgerechter Dienst<\/strong><\/p>\n<p>Die traditionellen Formen der Pflege im \u00f6ffentlichen Sektor &#8211; h\u00e4usliche und station\u00e4re Pflege &#8211; reichen nicht mehr aus, um den wachsenden Bedarf zu decken. Neue Wege und innovative Antworten im Bereich der Altenpflege sind daher unverzichtbar, nicht nur im Hinblick auf die Deckung des zu erwartenden Bedarfs, sondern auch im Hinblick auf die Verbesserung der Qualit\u00e4t der Dienstleistungen Unser Organisationsmodell will die pflegebed\u00fcrftige Person und die Familien durch einen Koordinierungs-, \u00dcberwachungs- und qualifizierten Betreuungsdienst in den Mittelpunkt stellen.<\/p>\n<\/div><\/div><\/div><div class=\"fusion-layout-column fusion_builder_column fusion-builder-column-1 fusion_builder_column_2_3 2_3 fusion-flex-column\" style=\"--awb-bg-size:cover;--awb-width-large:66.666666666667%;--awb-margin-top-large:10px;--awb-spacing-right-large:1.47%;--awb-margin-bottom-large:10px;--awb-spacing-left-large:1.47%;--awb-width-medium:66.666666666667%;--awb-order-medium:0;--awb-spacing-right-medium:1.47%;--awb-spacing-left-medium:1.47%;--awb-width-small:100%;--awb-order-small:0;--awb-spacing-right-small:0.98%;--awb-spacing-left-small:0.98%;\"><div class=\"fusion-column-wrapper fusion-column-has-shadow fusion-flex-justify-content-flex-start fusion-content-layout-column\"><div class=\"fusion-text fusion-text-2\"><p><strong>Worin besteht unser Service?<\/strong><\/p>\n<p>Wir unterst\u00fctzen die Familien bei der Suche, Auswahl, Verwaltung und Koordinierung des h\u00e4uslichen Pflegehelfers, der am besten auf die Bed\u00fcrfnisse und Anforderungen der pflegebed\u00fcrftigen \u00e4lteren Person zu Hause abgestimmt ist.<\/p>\n<\/div><\/div><\/div><div class=\"fusion-layout-column fusion_builder_column fusion-builder-column-2 fusion_builder_column_1_3 1_3 fusion-flex-column\" style=\"--awb-bg-size:cover;--awb-width-large:33.333333333333%;--awb-margin-top-large:10px;--awb-spacing-right-large:2.94%;--awb-margin-bottom-large:10px;--awb-spacing-left-large:2.94%;--awb-width-medium:33.333333333333%;--awb-order-medium:0;--awb-spacing-right-medium:2.94%;--awb-spacing-left-medium:2.94%;--awb-width-small:100%;--awb-order-small:0;--awb-spacing-right-small:0.98%;--awb-spacing-left-small:0.98%;\"><div class=\"fusion-column-wrapper fusion-column-has-shadow fusion-flex-justify-content-flex-start fusion-content-layout-column\"><div ><a class=\"fusion-button button-flat fusion-button-default-size button-default fusion-button-default button-1 fusion-button-default-span fusion-button-default-type\" target=\"_self\" href=\"\/de\/unser-service\"><span class=\"fusion-button-text\">Entdecken Sie die Details unseres Service<\/span><\/a><\/div><\/div><\/div><\/div><\/div>\n","protected":false},"excerpt":{"rendered":"","protected":false},"author":1,"featured_media":0,"parent":0,"menu_order":0,"comment_status":"closed","ping_status":"closed","template":"100-width.php","meta":[],"_links":{"self":[{"href":"https:\/\/www.silvercare.bz\/de\/wp-json\/wp\/v2\/pages\/151"}],"collection":[{"href":"https:\/\/www.silvercare.bz\/de\/wp-json\/wp\/v2\/pages"}],"about":[{"href":"https:\/\/www.silvercare.bz\/de\/wp-json\/wp\/v2\/types\/page"}],"author":[{"embeddable":true,"href":"https:\/\/www.silvercare.bz\/de\/wp-json\/wp\/v2\/users\/1"}],"replies":[{"embeddable":true,"href":"https:\/\/www.silvercare.bz\/de\/wp-json\/wp\/v2\/comments?post=151"}],"version-history":[{"count":4,"href":"https:\/\/www.silvercare.bz\/de\/wp-json\/wp\/v2\/pages\/151\/revisions"}],"predecessor-version":[{"id":183,"href":"https:\/\/www.silvercare.bz\/de\/wp-json\/wp\/v2\/pages\/151\/revisions\/183"}],"wp:attachment":[{"href":"https:\/\/www.silvercare.bz\/de\/wp-json\/wp\/v2\/media?parent=151"}],"curies":[{"name":"wp","href":"https:\/\/api.w.org\/{rel}","templated":true}]}}