{"id":148,"date":"2023-06-21T09:20:50","date_gmt":"2023-06-21T09:20:50","guid":{"rendered":"https:\/\/www.silvercare.bz\/?page_id=148"},"modified":"2023-08-08T11:21:51","modified_gmt":"2023-08-08T11:21:51","slug":"wer-sind-wir","status":"publish","type":"page","link":"https:\/\/www.silvercare.bz\/de\/wer-sind-wir","title":{"rendered":"Wer sind wir"},"content":{"rendered":"<div class=\"fusion-fullwidth fullwidth-box fusion-builder-row-1 fusion-flex-container has-pattern-background has-mask-background nonhundred-percent-fullwidth non-hundred-percent-height-scrolling\" style=\"--awb-border-radius-top-left:0px;--awb-border-radius-top-right:0px;--awb-border-radius-bottom-right:0px;--awb-border-radius-bottom-left:0px;--awb-flex-wrap:wrap;\" ><div class=\"fusion-builder-row fusion-row fusion-flex-align-items-flex-start fusion-flex-content-wrap\" style=\"max-width:1326px;margin-left: calc(-2% \/ 2 );margin-right: calc(-2% \/ 2 );\"><div class=\"fusion-layout-column fusion_builder_column fusion-builder-column-0 fusion_builder_column_1_1 1_1 fusion-flex-column\" style=\"--awb-bg-size:cover;--awb-width-large:100%;--awb-margin-top-large:10px;--awb-spacing-right-large:0.98%;--awb-margin-bottom-large:10px;--awb-spacing-left-large:0.98%;--awb-width-medium:100%;--awb-order-medium:0;--awb-spacing-right-medium:0.98%;--awb-spacing-left-medium:0.98%;--awb-width-small:100%;--awb-order-small:0;--awb-spacing-right-small:0.98%;--awb-spacing-left-small:0.98%;\"><div class=\"fusion-column-wrapper fusion-column-has-shadow fusion-flex-justify-content-flex-start fusion-content-layout-column\"><div class=\"fusion-text fusion-text-1\"><p><strong>SILVER CARE<\/strong> wurde 2018 mit dem Ziel gegr\u00fcndet, \u201cinformelle Pflege\u201d zu bieten. Es hat dieses Projekt entwickelt, um ein Treffpunkt zwischen der Familie und der bed\u00fcrftigen Person auf der einen Seite und den Pflegeassistenten auf der anderen Seite zu sein und ein Referenzpunkt f\u00fcr Beratung, Koordination, Verwaltung, Management und \u00dcberwachung des Dienstes zu werden. Insbesondere bietet es einen sozialen Beratungsdienst im Bereich der h\u00e4uslichen Pflege auch bei \u00f6ffentlichen Diensten an.<\/p>\n<p>Die Mission besteht darin, die Restautonomie zu erhalten, wo m\u00f6glich, um eine Hospitalisierung zu vermeiden oder zu verz\u00f6gern und im Allgemeinen die Verbesserung der Lebensqualit\u00e4t der Betreuten und ihrer Familien zu verfolgen. Die Genossenschaft richtet sich an die gesamte Gemeinschaft und erm\u00f6glicht es, die Funktionalit\u00e4t der Person innerhalb ihres eigenen Hauses und ihres sozialen Kontexts der Zugeh\u00f6rigkeit aufrechtzuerhalten.<\/p>\n<p>Wir wurden geboren, um Teil unseres Territoriums zu sein, mit Entschlossenheit gestartet und wussten, dass wir von uns selbst und unseren Mitgliedern und Mitarbeitern Engagement, Hingabe und viel Menschlichkeit wollten, Schl\u00fcsselfaktoren in der h\u00e4uslichen Pflege.<\/p>\n<p>Wir sind ein h\u00e4uslicher Pflegezentrum, das in jeder Hinsicht mit unseren L\u00e4ndern verbunden ist. Wir kennen das Gebiet und unsere Geschichte, unser Ziel ist es, den sozialen Zusammenhalt aufrechtzuerhalten.<\/p>\n<p>Die h\u00e4usliche Pflege hat einen unsch\u00e4tzbaren Wert. Das Haus ist der Ort der Zuneigung, des Alltagslebens, des Lebens, weshalb wir uns verpflichten, zusammen mit Familienmitgliedern einen Pfad der Unterst\u00fctzung zu gehen, der sich auf mehrere Fronten entwickelt und immer mit Kontinuit\u00e4t stattfindet.<\/p>\n<p>Probleme werden von unserem Personal Hand in Hand angegangen, das sich bem\u00fcht, einen regelm\u00e4\u00dfig qualitativen Service mit erfahrenen und geschulten Betreibern bereitzustellen.<\/p>\n<\/div><\/div><\/div><div class=\"fusion-layout-column fusion_builder_column fusion-builder-column-1 fusion_builder_column_1_1 1_1 fusion-flex-column\" style=\"--awb-bg-size:cover;--awb-width-large:100%;--awb-margin-top-large:10px;--awb-spacing-right-large:0.98%;--awb-margin-bottom-large:10px;--awb-spacing-left-large:0.98%;--awb-width-medium:100%;--awb-order-medium:0;--awb-spacing-right-medium:0.98%;--awb-spacing-left-medium:0.98%;--awb-width-small:100%;--awb-order-small:0;--awb-spacing-right-small:0.98%;--awb-spacing-left-small:0.98%;\"><div class=\"fusion-column-wrapper fusion-column-has-shadow fusion-flex-justify-content-flex-start fusion-content-layout-column\"><div class=\"fusion-image-element \" style=\"text-align:center;--awb-caption-title-font-family:var(--h2_typography-font-family);--awb-caption-title-font-weight:var(--h2_typography-font-weight);--awb-caption-title-font-style:var(--h2_typography-font-style);--awb-caption-title-size:var(--h2_typography-font-size);--awb-caption-title-transform:var(--h2_typography-text-transform);--awb-caption-title-line-height:var(--h2_typography-line-height);--awb-caption-title-letter-spacing:var(--h2_typography-letter-spacing);\"><span class=\" fusion-imageframe imageframe-none imageframe-1 hover-type-none fusion-animated\" data-animationType=\"slideInRight\" data-animationDuration=\"0.6\" data-animationOffset=\"top-into-view\"><img decoding=\"async\" width=\"640\" height=\"426\" title=\"silver-care-assistenza-domiciliare-badante-anziani-bressanone-bz-chi-siamo\" src=\"https:\/\/www.silvercare.bz\/wp-content\/uploads\/silver-care-assistenza-domiciliare-badante-anziani-bressanone-bz-chi-siamo.jpg\" alt class=\"img-responsive wp-image-140\" srcset=\"https:\/\/www.silvercare.bz\/wp-content\/uploads\/silver-care-assistenza-domiciliare-badante-anziani-bressanone-bz-chi-siamo-200x133.jpg 200w, https:\/\/www.silvercare.bz\/wp-content\/uploads\/silver-care-assistenza-domiciliare-badante-anziani-bressanone-bz-chi-siamo-400x266.jpg 400w, https:\/\/www.silvercare.bz\/wp-content\/uploads\/silver-care-assistenza-domiciliare-badante-anziani-bressanone-bz-chi-siamo-600x399.jpg 600w, https:\/\/www.silvercare.bz\/wp-content\/uploads\/silver-care-assistenza-domiciliare-badante-anziani-bressanone-bz-chi-siamo.jpg 640w\" sizes=\"(max-width: 640px) 100vw, 640px\" \/><\/span><\/div><\/div><\/div><\/div><\/div>\n","protected":false},"excerpt":{"rendered":"","protected":false},"author":1,"featured_media":0,"parent":0,"menu_order":0,"comment_status":"closed","ping_status":"closed","template":"","meta":[],"_links":{"self":[{"href":"https:\/\/www.silvercare.bz\/de\/wp-json\/wp\/v2\/pages\/148"}],"collection":[{"href":"https:\/\/www.silvercare.bz\/de\/wp-json\/wp\/v2\/pages"}],"about":[{"href":"https:\/\/www.silvercare.bz\/de\/wp-json\/wp\/v2\/types\/page"}],"author":[{"embeddable":true,"href":"https:\/\/www.silvercare.bz\/de\/wp-json\/wp\/v2\/users\/1"}],"replies":[{"embeddable":true,"href":"https:\/\/www.silvercare.bz\/de\/wp-json\/wp\/v2\/comments?post=148"}],"version-history":[{"count":4,"href":"https:\/\/www.silvercare.bz\/de\/wp-json\/wp\/v2\/pages\/148\/revisions"}],"predecessor-version":[{"id":184,"href":"https:\/\/www.silvercare.bz\/de\/wp-json\/wp\/v2\/pages\/148\/revisions\/184"}],"wp:attachment":[{"href":"https:\/\/www.silvercare.bz\/de\/wp-json\/wp\/v2\/media?parent=148"}],"curies":[{"name":"wp","href":"https:\/\/api.w.org\/{rel}","templated":true}]}}